{"id":2610,"date":"2020-02-16T16:00:39","date_gmt":"2020-02-16T15:00:39","guid":{"rendered":"https:\/\/www.balloonflightamsterdam.nl\/kontakt\/"},"modified":"2023-11-16T15:34:31","modified_gmt":"2023-11-16T14:34:31","slug":"kontakt","status":"publish","type":"page","link":"https:\/\/www.balloonflightamsterdam.nl\/de\/kontakt\/","title":{"rendered":"Kontakt"},"content":{"rendered":"<div class=\"wpb-content-wrapper\"><p>[vc_row el_class=&#8220;margin-bottom&#8220;][vc_column offset=&#8220;vc_col-md-6&#8243;]<div class=\"title\">\n\t\t\t<div class=\"title__subtitle\">M\u00f6chten Sie reden?<\/div>\n\t\t<h3 class=\"title__primary\">Kontakt Details<\/h3>\n<\/div>\n[vc_column_text]Wenn Sie eine Geschichte zu erz\u00e4hlen haben oder eine Frage, die auf unserer Website nicht beantwortet wurde, setzen Sie sich bitte \u00fcber die unten aufgef\u00fchrten Kontaktdaten mit uns in Verbindung oder f\u00fcllen Sie das Formular auf der rechten Seite aus.<br \/>\n[\/vc_column_text]<div class=\"contact-info\">\n\t\n\t<div class=\"contact-info__item\"><a href=\"tel:+31513677999\"><span class=\"contact-info__item__icon\"><i class=\"fa fa-phone\"><\/i><\/span><span class=\"contact-info__item__text\">+31 513 677 999<\/span><\/a><\/div>\n\t\n\t<div class=\"contact-info__item\"><a href=\"mailto:info@balloonflightamsterdam.nl\"><span class=\"contact-info__item__icon\"><i class=\"fa fa-envelope contact-info__item__icon__email\"><\/i><\/span><span class=\"contact-info__item__text\">info@balloonflightamsterdam.nl<\/span><\/a><\/div>\n\t<\/div>\n[vc_empty_space height=&#8220;20px&#8220;]<div class=\"social-icons social-icons--square\">\n\t<div class=\"social-icons__icons\">\n\t<a href=\"https:\/\/www.facebook.com\/DreamflightsBallonvaarten\" class=\"social-icons__icon social-icons__icon--facebook\"><i class=\"fa fa-facebook\"><\/i><\/a><a href=\"https:\/\/www.instagram.com\/dreamflights_balloonflights\/\" class=\"social-icons__icon social-icons__icon--instagram\"><i class=\"fa fa-instagram\"><\/i><\/a>\t<\/div>\n<\/div>\n[vc_column_text]<strong>Traumfl\u00fcge<br \/>\n<\/strong>Bovenkruier 18<br \/>\n8521 MG Sint Nicolaasga<br \/>\nDie Niederlande<\/p>\n<p>KvK: 55078001<\/p>\n<p><a href=\"https:\/\/www.balloonflightamsterdam.nl\/wp-content\/uploads\/2020\/03\/Terms_and_Conditions_of_Travel_BAHolland.pdf\">Bedingungen und Konditionen<\/a>[\/vc_column_text][\/vc_column][vc_column offset=&#8220;vc_col-md-6&#8243;][vc_empty_space height=&#8220;40px&#8220; el_class=&#8220;visible-sm visible-xs&#8220;]<div class=\"title\">\n\t\t\t<div class=\"title__subtitle\">Haben Sie eine Frage?<\/div>\n\t\t<h3 class=\"title__primary\">Kontakt aufnehmen<\/h3>\n<\/div>\n\n<div class=\"wpcf7 no-js\" id=\"wpcf7-f2631-o1\" lang=\"de-DE\" dir=\"ltr\" data-wpcf7-id=\"2631\">\n<div class=\"screen-reader-response\"><p role=\"status\" aria-live=\"polite\" aria-atomic=\"true\"><\/p> <ul><\/ul><\/div>\n<form action=\"\/de\/wp-json\/wp\/v2\/pages\/2610#wpcf7-f2631-o1\" method=\"post\" class=\"wpcf7-form init\" aria-label=\"Kontaktformular\" novalidate=\"novalidate\" data-status=\"init\">\n<fieldset class=\"hidden-fields-container\"><input type=\"hidden\" name=\"_wpcf7\" value=\"2631\" \/><input type=\"hidden\" name=\"_wpcf7_version\" value=\"6.1.5\" \/><input type=\"hidden\" name=\"_wpcf7_locale\" value=\"de_DE\" \/><input type=\"hidden\" name=\"_wpcf7_unit_tag\" value=\"wpcf7-f2631-o1\" \/><input type=\"hidden\" name=\"_wpcf7_container_post\" value=\"0\" \/><input type=\"hidden\" name=\"_wpcf7_posted_data_hash\" value=\"\" \/>\n<\/fieldset>\n<p><label> Ihr Name (erforderlich)<br \/>\n<span class=\"wpcf7-form-control-wrap\" data-name=\"your-name\"><input size=\"40\" maxlength=\"400\" class=\"wpcf7-form-control wpcf7-text wpcf7-validates-as-required\" aria-required=\"true\" aria-invalid=\"false\" value=\"\" type=\"text\" name=\"your-name\" \/><\/span> <\/label>\n<\/p>\n<p><label> Ihre E-Mail (erforderlich)<br \/>\n<span class=\"wpcf7-form-control-wrap\" data-name=\"your-email\"><input size=\"40\" maxlength=\"400\" class=\"wpcf7-form-control wpcf7-email wpcf7-validates-as-required wpcf7-text wpcf7-validates-as-email\" aria-required=\"true\" aria-invalid=\"false\" value=\"\" type=\"email\" name=\"your-email\" \/><\/span> <\/label>\n<\/p>\n<p><label> Ihr Telefon<br \/>\n<span class=\"wpcf7-form-control-wrap\" data-name=\"your-phone\"><input class=\"wpcf7-form-control wpcf7-number wpcf7-validates-as-number\" aria-invalid=\"false\" value=\"\" type=\"number\" name=\"your-phone\" \/><\/span> <\/label>\n<\/p>\n<p><label> Ihre Nachricht<br \/>\n<span class=\"wpcf7-form-control-wrap\" data-name=\"your-message\"><textarea cols=\"40\" rows=\"10\" maxlength=\"2000\" class=\"wpcf7-form-control wpcf7-textarea\" aria-invalid=\"false\" name=\"your-message\"><\/textarea><\/span> <\/label>\n<\/p>\n<p><input class=\"wpcf7-form-control wpcf7-submit has-spinner\" type=\"submit\" value=\"Send\" \/>\n<\/p><p style=\"display: none !important;\" class=\"akismet-fields-container\" data-prefix=\"_wpcf7_ak_\"><label>&#916;<textarea name=\"_wpcf7_ak_hp_textarea\" cols=\"45\" rows=\"8\" maxlength=\"100\"><\/textarea><\/label><input type=\"hidden\" id=\"ak_js_1\" name=\"_wpcf7_ak_js\" value=\"108\"\/><script>document.getElementById( \"ak_js_1\" ).setAttribute( \"value\", ( new Date() ).getTime() );<\/script><\/p><div class=\"wpcf7-response-output\" aria-hidden=\"true\"><\/div>\n<\/form>\n<\/div>\n[\/vc_column][\/vc_row]<\/p>\n<\/div>","protected":false},"excerpt":{"rendered":"<p>[vc_row el_class=&#8220;margin-bottom&#8220;][vc_column offset=&#8220;vc_col-md-6&#8243;][vc_column_text]Wenn Sie eine Geschichte zu erz\u00e4hlen haben oder eine Frage, die auf unserer Website nicht beantwortet wurde, setzen Sie sich bitte \u00fcber die unten aufgef\u00fchrten Kontaktdaten mit uns in Verbindung oder f\u00fcllen Sie das Formular auf der rechten Seite aus. [\/vc_column_text][vc_empty_space height=&#8220;20px&#8220;][vc_column_text]Traumfl\u00fcge Bovenkruier 18 8521 MG Sint Nicolaasga Die Niederlande KvK: 55078001 Bedingungen<\/p>\n<div class=\"padding-top text-center\"><a href=\"https:\/\/www.balloonflightamsterdam.nl\/de\/kontakt\/\" class=\"atbtn atbtn--medium atbtn--rounded atbtn--transparent\">Read more<i class=\"atbtn__icon atbtn__icon--right fa fa-long-arrow-right\"><\/i><\/a><\/div>\n","protected":false},"author":5,"featured_media":0,"parent":0,"menu_order":0,"comment_status":"open","ping_status":"open","template":"","meta":{"rs_blank_template":"","rs_page_bg_color":"","slide_template_v7":"","footnotes":""},"class_list":["post-2610","page","type-page","status-publish","hentry"],"_links":{"self":[{"href":"https:\/\/www.balloonflightamsterdam.nl\/de\/wp-json\/wp\/v2\/pages\/2610","targetHints":{"allow":["GET"]}}],"collection":[{"href":"https:\/\/www.balloonflightamsterdam.nl\/de\/wp-json\/wp\/v2\/pages"}],"about":[{"href":"https:\/\/www.balloonflightamsterdam.nl\/de\/wp-json\/wp\/v2\/types\/page"}],"author":[{"embeddable":true,"href":"https:\/\/www.balloonflightamsterdam.nl\/de\/wp-json\/wp\/v2\/users\/5"}],"replies":[{"embeddable":true,"href":"https:\/\/www.balloonflightamsterdam.nl\/de\/wp-json\/wp\/v2\/comments?post=2610"}],"version-history":[{"count":2,"href":"https:\/\/www.balloonflightamsterdam.nl\/de\/wp-json\/wp\/v2\/pages\/2610\/revisions"}],"predecessor-version":[{"id":2614,"href":"https:\/\/www.balloonflightamsterdam.nl\/de\/wp-json\/wp\/v2\/pages\/2610\/revisions\/2614"}],"wp:attachment":[{"href":"https:\/\/www.balloonflightamsterdam.nl\/de\/wp-json\/wp\/v2\/media?parent=2610"}],"curies":[{"name":"wp","href":"https:\/\/api.w.org\/{rel}","templated":true}]}}